{"id":4185,"date":"2019-01-27T21:51:16","date_gmt":"2019-01-27T19:51:16","guid":{"rendered":"https:\/\/www.urnencenter.nl\/?post_type=product&#038;p=4185"},"modified":"2026-04-08T10:54:52","modified_gmt":"2026-04-08T08:54:52","slug":"chemin-de-lurne-en-acier-inoxydable","status":"publish","type":"product","link":"https:\/\/www.urnencenter.nl\/fr\/product\/rvs-urn-path\/","title":{"rendered":"Acier inoxydable Chemin d'acc\u00e8s \u00e0 l'urne"},"content":{"rendered":"<p>L'acier inoxydable 316 de la plus haute qualit\u00e9 a \u00e9t\u00e9 utilis\u00e9 pour cette urne. Cet alliage r\u00e9siste \u00e0 toutes les conditions climatiques et m\u00eame \u00e0 l'eau de mer.<\/p>\n<h3>D\u00e9lai de livraison de l'urne<\/h3>\n<p>L'urne est fabriqu\u00e9e \u00e0 la main sp\u00e9cialement pour vous par nos artisans. Par cons\u00e9quent, le d\u00e9lai de livraison de cet article comm\u00e9moratif est d'environ 1 \u00e0 3 semaines. Nous savons par exp\u00e9rience que dans la plupart des cas, l'urne peut \u00eatre exp\u00e9di\u00e9e plus t\u00f4t. Mais pour \u00e9viter toute d\u00e9ception, nous communiquons un d\u00e9lai de livraison de 1 \u00e0 3 semaines.<\/p>\n<p>Vous souhaitez conna\u00eetre le d\u00e9lai de livraison actuel ? Posez votre question via notre chat ou envoyez un courrier \u00e0 <a href=\"mailto:klantenservice@urnencenter.nl\">klantenservice@urnencenter.nl<\/a>.<\/p>\n<h3>Remplissage de l'urne en acier inoxydable<\/h3>\n<p>Tous les accessoires pour remplir et sceller l'urne sont inclus. L'urne en acier inoxydable est scell\u00e9e \u00e0 l'aide d'un ruban de scellement double face tr\u00e8s r\u00e9sistant qui peut \u00eatre charg\u00e9 avec une r\u00e9sistance \u00e0 la traction tr\u00e8s \u00e9lev\u00e9e.<\/p>\n<div class=\"gmail_default\">Le remplissage de l'urne en acier inoxydable est facile. Il suffit de proc\u00e9der comme suit :<\/div>\n<ol>\n<li>Mettez le sac \u00e0 cendres fourni vide dans l'urne et gardez-en une partie \u00e0 l'ext\u00e9rieur. Il est \u00e9galement possible de ne pas utiliser de sac \u00e0 cendres. Dans ce cas, passez les \u00e9tapes 1 \u00e0 3.<\/li>\n<li>Utilisez la partie saillante comme entonnoir et versez-y les cendres.<\/li>\n<li>Scellez le sac \u00e0 cendres \u00e0 l'aide de la bande adh\u00e9sive fournie et ins\u00e9rez-le compl\u00e8tement dans l'ouverture de l'urne.<\/li>\n<li>Si le sac \u00e0 cendres n'est pas utilis\u00e9, il est recommand\u00e9 d'utiliser un entonnoir pour verser les cendres afin d'\u00e9viter les d\u00e9versements.<\/li>\n<li>Veillez ensuite \u00e0 ce que le bord int\u00e9rieur de l'urne soit exempt de poussi\u00e8re, de graisse et d'humidit\u00e9. Utilisez le chiffon fourni \u00e0 cet effet.<\/li>\n<li>Retirez le film protecteur du couvercle et placez-le soigneusement contre le bord de l'ouverture du cendrier.<\/li>\n<li>Fermez le cendrier en enfon\u00e7ant le couvercle dans le bord en un seul mouvement ; un couvercle correctement ferm\u00e9 ne doit pas d\u00e9passer de l'autre mat\u00e9riau. Le fond est maintenant plat.<\/li>\n<li>Appuyez fermement sur le couvercle et l'urne est ferm\u00e9e.<\/li>\n<\/ol>\n<p>Bien entendu, vous pouvez \u00e9galement confier le remplissage de l'urne au cr\u00e9matorium ou \u00e0 l'entreprise de pompes fun\u00e8bres. Si l'urne doit \u00eatre ouverte ult\u00e9rieurement pour une raison quelconque, nos techniciens peuvent le faire pour vous.<\/p>\n<h3>Gravure<\/h3>\n<p>Il est possible de graver l'urne. Pour la gravure, nous utilisons l'eau-forte. La gravure est une technique de haute qualit\u00e9 et durable qui permet d'obtenir des textes ou des images de haute qualit\u00e9 sur l'acier inoxydable. Nous ne faisons que de la gravure \u00e0 l'eau-forte (pas de gravure au laser). Les gravures au laser ne sont pas stables et les textes s'effacent avec le temps.<\/p>\n<p><img loading=\"lazy\" decoding=\"async\" class=\"alignnone size-medium wp-image-609\" src=\"https:\/\/www.urnencenter.nl\/wp-content\/uploads\/2018\/09\/ETS-proef-300x217.jpg\" alt=\"\" width=\"300\" height=\"217\" srcset=\"https:\/\/www.urnencenter.nl\/wp-content\/uploads\/2018\/09\/ETS-proef-300x217.jpg 300w, https:\/\/www.urnencenter.nl\/wp-content\/uploads\/2018\/09\/ETS-proef-416x301.jpg 416w, https:\/\/www.urnencenter.nl\/wp-content\/uploads\/2018\/09\/ETS-proef.jpg 535w\" sizes=\"auto, (max-width: 300px) 100vw, 300px\" \/><\/p>\n<p>Pour l'inscription (nom et date dans une police standard) sur l'urne, comptez environ 110 euros. Renseignez-vous sur les possibilit\u00e9s aupr\u00e8s de <a href=\"mailto:klantenservice@urnencenter.nl\">klantenservice@urnencenter.nl<\/a>. Nous sommes heureux de vous aider.<\/p>\n<h2>Questions fr\u00e9quemment pos\u00e9es<\/h2>\n<p><strong>Qu'en est-il de la garantie ?<\/strong><br \/>\nNous faisons confiance \u00e0 nos objets comm\u00e9moratifs. L'urne en acier inoxydable est donc garantie 10 ans.\u00a0<span style=\"font-weight: 400;\">Toutes les urnes sont accompagn\u00e9es d'un certificat de garantie et d'instructions de remplissage.\u00a0<\/span><\/p>\n<p><strong>Puis-je essayer l'article sans aucune obligation ?<\/strong><br \/>\nOui, nous ne nous occupons pas de cela. Pour tous nos documents comm\u00e9moratifs, vous disposez d'une p\u00e9riode de r\u00e9flexion de 30 jours. Vous n'aimez pas l'article comm\u00e9moratif pendant cette p\u00e9riode, ou vous voulez un format diff\u00e9rent ? Aucun probl\u00e8me. Vous pouvez \u00e9changer ou retourner l'article dans les 30 jours suivant votre achat. 100% pas bon, remboursement.<\/p>\n<p><strong>Puis-je disperser les cendres en vrac dans l'urne ou faut-il un sac \u00e0 cendres ?<\/strong><br \/>\nVous pouvez disperser les cendres en vrac dans l'urne ou opter pour un sac \u00e0 cendres. Pour les urnes en c\u00e9ramique ou en verre, il est conseill\u00e9 d'utiliser un sac \u00e0 cendres en cas de chute ou de choc. L'urne en acier inoxydable est fabriqu\u00e9e en acier inoxydable 316 de la plus haute qualit\u00e9 et est donc tr\u00e8s robuste. La fermeture est \u00e9galement parfaitement \u00e9tanche \u00e0 l'air et r\u00e9siste \u00e0 des forces de traction \u00e9lev\u00e9es. Elle convient donc parfaitement pour placer les cendres en vrac dans l'urne.<\/p>","protected":false},"excerpt":{"rendered":"<p>Comme le nom de l'urne l'indique, l'arche symbolise le chemin de la vie et la sph\u00e8re de la personne.<\/p>\n<ul>\n<li>Un design magnifique et un travail d'expert.<\/li>\n<li>Peut \u00eatre plac\u00e9 \u00e0 l'int\u00e9rieur comme \u00e0 l'ext\u00e9rieur.<\/li>\n<li>Id\u00e9al pour une comm\u00e9moration \u00e0 domicile, car il n'est pas imm\u00e9diatement reconnaissable comme une urne.<\/li>\n<\/ul>\n<p style=\"text-align: center;\"><i>L'urne Path est populaire parmi les objets comm\u00e9moratifs<\/i><\/p>","protected":false},"featured_media":4163,"comment_status":"open","ping_status":"closed","template":"","meta":{"_acf_changed":false,"jetpack_post_was_ever_published":false,"jetpack_publicize_message":"","jetpack_publicize_feature_enabled":true,"jetpack_social_post_already_shared":true,"jetpack_social_options":{"image_generator_settings":{"template":"highway","default_image_id":0,"font":"","enabled":false},"version":2}},"product_brand":[],"product_cat":[400,461,155,154],"product_tag":[],"class_list":{"0":"post-4185","1":"product","2":"type-product","3":"status-publish","4":"has-post-thumbnail","6":"product_cat-duo-urnen","7":"product_cat-kinderurn-urn-baby","8":"product_cat-mini-rvs-urnen","9":"product_cat-rvs-urnen","11":"first","12":"instock","13":"taxable","14":"shipping-taxable","15":"purchasable","16":"product-type-variable"},"acf":[],"yoast_head":"<!-- This site is optimized with the Yoast SEO plugin v27.1.1 - https:\/\/yoast.com\/product\/yoast-seo-wordpress\/ -->\n<title>RVS Urn Path - Urnencenter<\/title>\n<meta name=\"description\" content=\"RVS Urn Path bij Urnencenter - Gratis verzending - Stevig &amp; Discreet verzonden.\" \/>\n<meta name=\"robots\" content=\"index, follow, max-snippet:-1, max-image-preview:large, max-video-preview:-1\" \/>\n<link rel=\"canonical\" href=\"https:\/\/www.urnencenter.nl\/fr\/product\/chemin-de-lurne-en-acier-inoxydable\/\" \/>\n<meta property=\"og:locale\" content=\"fr_FR\" \/>\n<meta property=\"og:type\" content=\"article\" \/>\n<meta property=\"og:title\" content=\"RVS Urn Path - Urnencenter\" \/>\n<meta property=\"og:description\" content=\"RVS Urn Path bij Urnencenter - Gratis verzending - Stevig &amp; Discreet verzonden.\" \/>\n<meta property=\"og:url\" content=\"https:\/\/www.urnencenter.nl\/fr\/product\/chemin-de-lurne-en-acier-inoxydable\/\" \/>\n<meta property=\"og:site_name\" content=\"Urnencenter\" \/>\n<meta property=\"article:modified_time\" content=\"2026-04-08T08:54:52+00:00\" \/>\n<meta property=\"og:image\" content=\"https:\/\/www.urnencenter.nl\/wp-content\/uploads\/2019\/01\/rvs-urn-path.jpg\" \/>\n\t<meta property=\"og:image:width\" content=\"1600\" \/>\n\t<meta property=\"og:image:height\" content=\"1200\" \/>\n\t<meta property=\"og:image:type\" content=\"image\/jpeg\" \/>\n<meta name=\"twitter:card\" content=\"summary_large_image\" \/>\n<meta name=\"twitter:label1\" content=\"Dur\u00e9e de lecture estim\u00e9e\" \/>\n\t<meta name=\"twitter:data1\" content=\"3 minutes\" \/>\n<script type=\"application\/ld+json\" class=\"yoast-schema-graph\">{\"@context\":\"https:\/\/schema.org\",\"@graph\":[{\"@type\":\"WebPage\",\"@id\":\"https:\/\/www.urnencenter.nl\/product\/rvs-urn-path\/\",\"url\":\"https:\/\/www.urnencenter.nl\/product\/rvs-urn-path\/\",\"name\":\"RVS Urn Path - Urnencenter\",\"isPartOf\":{\"@id\":\"https:\/\/www.urnencenter.nl\/#website\"},\"primaryImageOfPage\":{\"@id\":\"https:\/\/www.urnencenter.nl\/product\/rvs-urn-path\/#primaryimage\"},\"image\":{\"@id\":\"https:\/\/www.urnencenter.nl\/product\/rvs-urn-path\/#primaryimage\"},\"thumbnailUrl\":\"https:\/\/www.urnencenter.nl\/wp-content\/uploads\/2019\/01\/rvs-urn-path.jpg\",\"datePublished\":\"2019-01-27T19:51:16+00:00\",\"dateModified\":\"2026-04-08T08:54:52+00:00\",\"description\":\"RVS Urn Path bij Urnencenter - Gratis verzending - Stevig & Discreet verzonden.\",\"breadcrumb\":{\"@id\":\"https:\/\/www.urnencenter.nl\/product\/rvs-urn-path\/#breadcrumb\"},\"inLanguage\":\"fr-FR\",\"potentialAction\":[{\"@type\":\"ReadAction\",\"target\":[\"https:\/\/www.urnencenter.nl\/product\/rvs-urn-path\/\"]}]},{\"@type\":\"ImageObject\",\"inLanguage\":\"fr-FR\",\"@id\":\"https:\/\/www.urnencenter.nl\/product\/rvs-urn-path\/#primaryimage\",\"url\":\"https:\/\/www.urnencenter.nl\/wp-content\/uploads\/2019\/01\/rvs-urn-path.jpg\",\"contentUrl\":\"https:\/\/www.urnencenter.nl\/wp-content\/uploads\/2019\/01\/rvs-urn-path.jpg\",\"width\":1600,\"height\":1200},{\"@type\":\"BreadcrumbList\",\"@id\":\"https:\/\/www.urnencenter.nl\/product\/rvs-urn-path\/#breadcrumb\",\"itemListElement\":[{\"@type\":\"ListItem\",\"position\":1,\"name\":\"Home\",\"item\":\"https:\/\/www.urnencenter.nl\/\"},{\"@type\":\"ListItem\",\"position\":2,\"name\":\"Producten\",\"item\":\"https:\/\/www.urnencenter.nl\/shop\/\"},{\"@type\":\"ListItem\",\"position\":3,\"name\":\"RVS Urn Path\"}]},{\"@type\":\"WebSite\",\"@id\":\"https:\/\/www.urnencenter.nl\/#website\",\"url\":\"https:\/\/www.urnencenter.nl\/\",\"name\":\"Urnencenter\",\"description\":\"\",\"publisher\":{\"@id\":\"https:\/\/www.urnencenter.nl\/#organization\"},\"potentialAction\":[{\"@type\":\"SearchAction\",\"target\":{\"@type\":\"EntryPoint\",\"urlTemplate\":\"https:\/\/www.urnencenter.nl\/?s={search_term_string}\"},\"query-input\":{\"@type\":\"PropertyValueSpecification\",\"valueRequired\":true,\"valueName\":\"search_term_string\"}}],\"inLanguage\":\"fr-FR\"},{\"@type\":\"Organization\",\"@id\":\"https:\/\/www.urnencenter.nl\/#organization\",\"name\":\"Urnencenter\",\"url\":\"https:\/\/www.urnencenter.nl\/\",\"logo\":{\"@type\":\"ImageObject\",\"inLanguage\":\"fr-FR\",\"@id\":\"https:\/\/www.urnencenter.nl\/#\/schema\/logo\/image\/\",\"url\":\"https:\/\/www.urnencenter.nl\/wp-content\/uploads\/2021\/10\/cropped-Urnencenter-logo-small-2.jpg\",\"contentUrl\":\"https:\/\/www.urnencenter.nl\/wp-content\/uploads\/2021\/10\/cropped-Urnencenter-logo-small-2.jpg\",\"width\":1784,\"height\":391,\"caption\":\"Urnencenter\"},\"image\":{\"@id\":\"https:\/\/www.urnencenter.nl\/#\/schema\/logo\/image\/\"}}]}<\/script>\n<!-- \/ Yoast SEO plugin. -->","yoast_head_json":{"title":"Chemin d'urnes en acier inoxydable - Urncenter","description":"Chemin d'urnes en acier inoxydable chez Urncenter - Livraison gratuite - Livraison robuste et discr\u00e8te.","robots":{"index":"index","follow":"follow","max-snippet":"max-snippet:-1","max-image-preview":"max-image-preview:large","max-video-preview":"max-video-preview:-1"},"canonical":"https:\/\/www.urnencenter.nl\/fr\/product\/chemin-de-lurne-en-acier-inoxydable\/","og_locale":"fr_FR","og_type":"article","og_title":"RVS Urn Path - Urnencenter","og_description":"RVS Urn Path bij Urnencenter - Gratis verzending - Stevig & Discreet verzonden.","og_url":"https:\/\/www.urnencenter.nl\/fr\/product\/chemin-de-lurne-en-acier-inoxydable\/","og_site_name":"Urnencenter","article_modified_time":"2026-04-08T08:54:52+00:00","og_image":[{"width":1600,"height":1200,"url":"https:\/\/www.urnencenter.nl\/wp-content\/uploads\/2019\/01\/rvs-urn-path.jpg","type":"image\/jpeg"}],"twitter_card":"summary_large_image","twitter_misc":{"Dur\u00e9e de lecture estim\u00e9e":"3 minutes"},"schema":{"@context":"https:\/\/schema.org","@graph":[{"@type":"WebPage","@id":"https:\/\/www.urnencenter.nl\/product\/rvs-urn-path\/","url":"https:\/\/www.urnencenter.nl\/product\/rvs-urn-path\/","name":"Chemin d'urnes en acier inoxydable - Urncenter","isPartOf":{"@id":"https:\/\/www.urnencenter.nl\/#website"},"primaryImageOfPage":{"@id":"https:\/\/www.urnencenter.nl\/product\/rvs-urn-path\/#primaryimage"},"image":{"@id":"https:\/\/www.urnencenter.nl\/product\/rvs-urn-path\/#primaryimage"},"thumbnailUrl":"https:\/\/www.urnencenter.nl\/wp-content\/uploads\/2019\/01\/rvs-urn-path.jpg","datePublished":"2019-01-27T19:51:16+00:00","dateModified":"2026-04-08T08:54:52+00:00","description":"Chemin d'urnes en acier inoxydable chez Urncenter - Livraison gratuite - Livraison robuste et discr\u00e8te.","breadcrumb":{"@id":"https:\/\/www.urnencenter.nl\/product\/rvs-urn-path\/#breadcrumb"},"inLanguage":"fr-FR","potentialAction":[{"@type":"ReadAction","target":["https:\/\/www.urnencenter.nl\/product\/rvs-urn-path\/"]}]},{"@type":"ImageObject","inLanguage":"fr-FR","@id":"https:\/\/www.urnencenter.nl\/product\/rvs-urn-path\/#primaryimage","url":"https:\/\/www.urnencenter.nl\/wp-content\/uploads\/2019\/01\/rvs-urn-path.jpg","contentUrl":"https:\/\/www.urnencenter.nl\/wp-content\/uploads\/2019\/01\/rvs-urn-path.jpg","width":1600,"height":1200},{"@type":"BreadcrumbList","@id":"https:\/\/www.urnencenter.nl\/product\/rvs-urn-path\/#breadcrumb","itemListElement":[{"@type":"ListItem","position":1,"name":"Home","item":"https:\/\/www.urnencenter.nl\/"},{"@type":"ListItem","position":2,"name":"Producten","item":"https:\/\/www.urnencenter.nl\/shop\/"},{"@type":"ListItem","position":3,"name":"RVS Urn Path"}]},{"@type":"WebSite","@id":"https:\/\/www.urnencenter.nl\/#website","url":"https:\/\/www.urnencenter.nl\/","name":"Centre de l'urne","description":"","publisher":{"@id":"https:\/\/www.urnencenter.nl\/#organization"},"potentialAction":[{"@type":"SearchAction","target":{"@type":"EntryPoint","urlTemplate":"https:\/\/www.urnencenter.nl\/?s={search_term_string}"},"query-input":{"@type":"PropertyValueSpecification","valueRequired":true,"valueName":"search_term_string"}}],"inLanguage":"fr-FR"},{"@type":"Organization","@id":"https:\/\/www.urnencenter.nl\/#organization","name":"Centre de l'urne","url":"https:\/\/www.urnencenter.nl\/","logo":{"@type":"ImageObject","inLanguage":"fr-FR","@id":"https:\/\/www.urnencenter.nl\/#\/schema\/logo\/image\/","url":"https:\/\/www.urnencenter.nl\/wp-content\/uploads\/2021\/10\/cropped-Urnencenter-logo-small-2.jpg","contentUrl":"https:\/\/www.urnencenter.nl\/wp-content\/uploads\/2021\/10\/cropped-Urnencenter-logo-small-2.jpg","width":1784,"height":391,"caption":"Urnencenter"},"image":{"@id":"https:\/\/www.urnencenter.nl\/#\/schema\/logo\/image\/"}}]}},"jetpack_publicize_connections":[],"jetpack_sharing_enabled":true,"_links":{"self":[{"href":"https:\/\/www.urnencenter.nl\/fr\/wp-json\/wp\/v2\/product\/4185","targetHints":{"allow":["GET"]}}],"collection":[{"href":"https:\/\/www.urnencenter.nl\/fr\/wp-json\/wp\/v2\/product"}],"about":[{"href":"https:\/\/www.urnencenter.nl\/fr\/wp-json\/wp\/v2\/types\/product"}],"replies":[{"embeddable":true,"href":"https:\/\/www.urnencenter.nl\/fr\/wp-json\/wp\/v2\/comments?post=4185"}],"wp:featuredmedia":[{"embeddable":true,"href":"https:\/\/www.urnencenter.nl\/fr\/wp-json\/wp\/v2\/media\/4163"}],"wp:attachment":[{"href":"https:\/\/www.urnencenter.nl\/fr\/wp-json\/wp\/v2\/media?parent=4185"}],"wp:term":[{"taxonomy":"product_brand","embeddable":true,"href":"https:\/\/www.urnencenter.nl\/fr\/wp-json\/wp\/v2\/product_brand?post=4185"},{"taxonomy":"product_cat","embeddable":true,"href":"https:\/\/www.urnencenter.nl\/fr\/wp-json\/wp\/v2\/product_cat?post=4185"},{"taxonomy":"product_tag","embeddable":true,"href":"https:\/\/www.urnencenter.nl\/fr\/wp-json\/wp\/v2\/product_tag?post=4185"}],"curies":[{"name":"wp","href":"https:\/\/api.w.org\/{rel}","templated":true}]}}