{"id":16603,"date":"2024-09-04T15:41:36","date_gmt":"2024-09-04T13:41:36","guid":{"rendered":"https:\/\/www.urnencenter.nl\/?post_type=product&#038;p=16603"},"modified":"2026-04-08T10:39:26","modified_gmt":"2026-04-08T08:39:26","slug":"urne-bio-celest-100-biodegradable","status":"publish","type":"product","link":"https:\/\/www.urnencenter.nl\/fr\/product\/bio-urn-celest-100-biologisch-afbreekbaar\/","title":{"rendered":"Urne Bio Celest - 100% Biod\u00e9gradable"},"content":{"rendered":"<p>L'urne Bio est populaire gr\u00e2ce \u00e0 son mode de comm\u00e9moration naturel. L'urne est compos\u00e9e de mat\u00e9riaux organiques et est donc 100% biod\u00e9gradable. Au fil du temps, l'urne Bio se d\u00e9compose et se r\u00e9absorbe doucement dans le sol ou dans l'eau.<\/p>\n<ul>\n<li>Fabriqu\u00e9 \u00e0 partir de mat\u00e9riaux organiques et donc 100% biod\u00e9gradable.<\/li>\n<li>L'enfouissement dans la terre ainsi que l'immersion ou la dispersion dans l'eau sont possibles.<\/li>\n<li>Tr\u00e8s innovant en termes d'options m\u00e9morielles.<\/li>\n<li>Un choix conscient et respectueux de l'environnement.<\/li>\n<li>Convient \u00e0 la garde compl\u00e8te d'un adulte.<\/li>\n<\/ul>\n<p><strong>Design n\u00e9erlandais<\/strong><br \/>\nLes urnes Celest font partie de notre collection Originals. En collaboration avec notre propre designer, nous sommes en mesure de cr\u00e9er des produits innovants et modernes qui s'inspirent des aspects artistiques du design n\u00e9erlandais. L'objectif principal de ce processus \u00e9tait de combiner ce style moderne avec les souhaits et les exp\u00e9riences des personnes en deuil.<\/p>\n<p><strong>Argile organique<\/strong><br \/>\nL'urne Celest est \u00e9galement disponible dans une variante organique. Elle est fabriqu\u00e9e \u00e0 partir de diff\u00e9rents types d'argile organique. Une belle alternative durable pour les proches, convenant aussi bien \u00e0 un enterrement naturel qu'\u00e0 un enterrement en mer. Le c\u0153ur de l'urne Celest biologique est en c\u00e9ramique. Il sert de souvenir suppl\u00e9mentaire, dans lequel une quantit\u00e9 symbolique de cendres peut \u00eatre conserv\u00e9e. Vous disposez ainsi d'un petit souvenir permanent de l'\u00eatre aim\u00e9. M\u00eame bien au-del\u00e0 du dernier adieu.<\/p>\n<p><strong>Produit durable<\/strong><br \/>\nLa fondation GreenLeave s'efforce de rendre les fun\u00e9railles durables et \u00e9cologiques plus accessibles. L'association teste les produits fun\u00e9raires en fonction de crit\u00e8res de durabilit\u00e9 stricts afin que les familles en deuil aient acc\u00e8s \u00e0 un aper\u00e7u fiable de l'organisation d'un adieu durable. L'urne Celest Bio r\u00e9pond \u00e0 ces crit\u00e8res et porte fi\u00e8rement le label \"GreenLeave Approved\".<\/p>\n<p><strong>Sac \u00e0 urne cadeau<\/strong><br \/>\nNous vous fournissons \u00e9galement un sac pour l'urne.<\/p>\n<div class=\"product-description\"><\/div>\n<div class=\"product-delivery green\"><\/div>","protected":false},"excerpt":{"rendered":"<p>L'urne Bio est populaire gr\u00e2ce \u00e0 son mode de comm\u00e9moration naturel. L'urne est compos\u00e9e de mat\u00e9riaux organiques et est donc 100% biod\u00e9gradable. Au fil du temps, l'urne Bio se d\u00e9compose et se r\u00e9absorbe doucement dans le sol ou dans l'eau.<\/p>\n<ul>\n<li>Fabriqu\u00e9 \u00e0 partir de mat\u00e9riaux organiques et donc 100% biod\u00e9gradable.<\/li>\n<li>L'enfouissement dans la terre ainsi que l'immersion ou la dispersion dans l'eau sont possibles.<\/li>\n<li>Tr\u00e8s innovant en termes d'options m\u00e9morielles.<\/li>\n<li>Un choix conscient et respectueux de l'environnement.<\/li>\n<li>Convient \u00e0 la garde compl\u00e8te d'un adulte.<\/li>\n<\/ul>\n<p style=\"text-align: center;\"><i class=\"far fa-clock\"><\/i> <i>Commande <span class=\"highlight\">aujourd'hui<\/span> et ne pas payer de frais de port<\/i><\/p>","protected":false},"featured_media":16582,"comment_status":"open","ping_status":"closed","template":"","meta":{"_acf_changed":false,"jetpack_post_was_ever_published":false,"jetpack_publicize_message":"","jetpack_publicize_feature_enabled":true,"jetpack_social_post_already_shared":true,"jetpack_social_options":{"image_generator_settings":{"template":"highway","default_image_id":0,"font":"","enabled":false},"version":2}},"product_brand":[],"product_cat":[1096,87,662,273,253,461,688],"product_tag":[],"class_list":{"0":"post-16603","1":"product","2":"type-product","3":"status-publish","4":"has-post-thumbnail","6":"product_cat-biologisch-afbreekbare-dierenurnen","7":"product_cat-biologische-urnen","8":"product_cat-dierenurnen","9":"product_cat-hart-urnen","10":"product_cat-urn-hond","11":"product_cat-kinderurn-urn-baby","12":"product_cat-paarden-urnen","14":"first","15":"outofstock","16":"taxable","17":"shipping-taxable","18":"purchasable","19":"product-type-simple"},"acf":[],"yoast_head":"<!-- This site is optimized with the Yoast SEO plugin v27.1.1 - https:\/\/yoast.com\/product\/yoast-seo-wordpress\/ -->\n<title>Bio Urn Celest - 100% Biologisch Afbreekbaar - Urnencenter<\/title>\n<meta name=\"description\" content=\"Bio Urn Celest - 100% Biologisch Afbreekbaar bij Urnencenter - Gratis verzending - Stevig &amp; Discreet verzonden.\" \/>\n<meta name=\"robots\" content=\"index, follow, max-snippet:-1, max-image-preview:large, max-video-preview:-1\" \/>\n<link rel=\"canonical\" href=\"https:\/\/www.urnencenter.nl\/fr\/product\/urne-bio-celest-100-biodegradable\/\" \/>\n<meta property=\"og:locale\" content=\"fr_FR\" \/>\n<meta property=\"og:type\" content=\"article\" \/>\n<meta property=\"og:title\" content=\"Bio Urn Celest - 100% Biologisch Afbreekbaar - Urnencenter\" \/>\n<meta property=\"og:description\" content=\"Bio Urn Celest - 100% Biologisch Afbreekbaar bij Urnencenter - Gratis verzending - Stevig &amp; Discreet verzonden.\" \/>\n<meta property=\"og:url\" content=\"https:\/\/www.urnencenter.nl\/fr\/product\/urne-bio-celest-100-biodegradable\/\" \/>\n<meta property=\"og:site_name\" content=\"Urnencenter\" \/>\n<meta property=\"article:modified_time\" content=\"2026-04-08T08:39:26+00:00\" \/>\n<meta property=\"og:image\" content=\"https:\/\/www.urnencenter.nl\/wp-content\/uploads\/2024\/09\/biologisch-afbreekbare-urn-copy-1.jpg\" \/>\n\t<meta property=\"og:image:width\" content=\"715\" \/>\n\t<meta property=\"og:image:height\" content=\"726\" \/>\n\t<meta property=\"og:image:type\" content=\"image\/jpeg\" \/>\n<meta name=\"twitter:card\" content=\"summary_large_image\" \/>\n<meta name=\"twitter:label1\" content=\"Dur\u00e9e de lecture estim\u00e9e\" \/>\n\t<meta name=\"twitter:data1\" content=\"1 minute\" \/>\n<script type=\"application\/ld+json\" class=\"yoast-schema-graph\">{\"@context\":\"https:\/\/schema.org\",\"@graph\":[{\"@type\":\"WebPage\",\"@id\":\"https:\/\/www.urnencenter.nl\/product\/bio-urn-celest-100-biologisch-afbreekbaar\/\",\"url\":\"https:\/\/www.urnencenter.nl\/product\/bio-urn-celest-100-biologisch-afbreekbaar\/\",\"name\":\"Bio Urn Celest - 100% Biologisch Afbreekbaar - Urnencenter\",\"isPartOf\":{\"@id\":\"https:\/\/www.urnencenter.nl\/#website\"},\"primaryImageOfPage\":{\"@id\":\"https:\/\/www.urnencenter.nl\/product\/bio-urn-celest-100-biologisch-afbreekbaar\/#primaryimage\"},\"image\":{\"@id\":\"https:\/\/www.urnencenter.nl\/product\/bio-urn-celest-100-biologisch-afbreekbaar\/#primaryimage\"},\"thumbnailUrl\":\"https:\/\/www.urnencenter.nl\/wp-content\/uploads\/2024\/09\/biologisch-afbreekbare-urn-copy-1.jpg\",\"datePublished\":\"2024-09-04T13:41:36+00:00\",\"dateModified\":\"2026-04-08T08:39:26+00:00\",\"description\":\"Bio Urn Celest - 100% Biologisch Afbreekbaar bij Urnencenter - Gratis verzending - Stevig & Discreet verzonden.\",\"breadcrumb\":{\"@id\":\"https:\/\/www.urnencenter.nl\/product\/bio-urn-celest-100-biologisch-afbreekbaar\/#breadcrumb\"},\"inLanguage\":\"fr-FR\",\"potentialAction\":[{\"@type\":\"ReadAction\",\"target\":[\"https:\/\/www.urnencenter.nl\/product\/bio-urn-celest-100-biologisch-afbreekbaar\/\"]}]},{\"@type\":\"ImageObject\",\"inLanguage\":\"fr-FR\",\"@id\":\"https:\/\/www.urnencenter.nl\/product\/bio-urn-celest-100-biologisch-afbreekbaar\/#primaryimage\",\"url\":\"https:\/\/www.urnencenter.nl\/wp-content\/uploads\/2024\/09\/biologisch-afbreekbare-urn-copy-1.jpg\",\"contentUrl\":\"https:\/\/www.urnencenter.nl\/wp-content\/uploads\/2024\/09\/biologisch-afbreekbare-urn-copy-1.jpg\",\"width\":715,\"height\":726},{\"@type\":\"BreadcrumbList\",\"@id\":\"https:\/\/www.urnencenter.nl\/product\/bio-urn-celest-100-biologisch-afbreekbaar\/#breadcrumb\",\"itemListElement\":[{\"@type\":\"ListItem\",\"position\":1,\"name\":\"Home\",\"item\":\"https:\/\/www.urnencenter.nl\/\"},{\"@type\":\"ListItem\",\"position\":2,\"name\":\"Producten\",\"item\":\"https:\/\/www.urnencenter.nl\/shop\/\"},{\"@type\":\"ListItem\",\"position\":3,\"name\":\"Bio Urn Celest &#8211; 100% Biologisch Afbreekbaar\"}]},{\"@type\":\"WebSite\",\"@id\":\"https:\/\/www.urnencenter.nl\/#website\",\"url\":\"https:\/\/www.urnencenter.nl\/\",\"name\":\"Urnencenter\",\"description\":\"\",\"publisher\":{\"@id\":\"https:\/\/www.urnencenter.nl\/#organization\"},\"potentialAction\":[{\"@type\":\"SearchAction\",\"target\":{\"@type\":\"EntryPoint\",\"urlTemplate\":\"https:\/\/www.urnencenter.nl\/?s={search_term_string}\"},\"query-input\":{\"@type\":\"PropertyValueSpecification\",\"valueRequired\":true,\"valueName\":\"search_term_string\"}}],\"inLanguage\":\"fr-FR\"},{\"@type\":\"Organization\",\"@id\":\"https:\/\/www.urnencenter.nl\/#organization\",\"name\":\"Urnencenter\",\"url\":\"https:\/\/www.urnencenter.nl\/\",\"logo\":{\"@type\":\"ImageObject\",\"inLanguage\":\"fr-FR\",\"@id\":\"https:\/\/www.urnencenter.nl\/#\/schema\/logo\/image\/\",\"url\":\"https:\/\/www.urnencenter.nl\/wp-content\/uploads\/2021\/10\/cropped-Urnencenter-logo-small-2.jpg\",\"contentUrl\":\"https:\/\/www.urnencenter.nl\/wp-content\/uploads\/2021\/10\/cropped-Urnencenter-logo-small-2.jpg\",\"width\":1784,\"height\":391,\"caption\":\"Urnencenter\"},\"image\":{\"@id\":\"https:\/\/www.urnencenter.nl\/#\/schema\/logo\/image\/\"}}]}<\/script>\n<!-- \/ Yoast SEO plugin. -->","yoast_head_json":{"title":"Urne Bio Celest - 100% Biod\u00e9gradable - Urncenter","description":"Bio Urn Celest - 100% Biodegradable at Urncenter - Free shipping - Sturdy &amp; Discreet shipping.","robots":{"index":"index","follow":"follow","max-snippet":"max-snippet:-1","max-image-preview":"max-image-preview:large","max-video-preview":"max-video-preview:-1"},"canonical":"https:\/\/www.urnencenter.nl\/fr\/product\/urne-bio-celest-100-biodegradable\/","og_locale":"fr_FR","og_type":"article","og_title":"Bio Urn Celest - 100% Biologisch Afbreekbaar - Urnencenter","og_description":"Bio Urn Celest - 100% Biologisch Afbreekbaar bij Urnencenter - Gratis verzending - Stevig & Discreet verzonden.","og_url":"https:\/\/www.urnencenter.nl\/fr\/product\/urne-bio-celest-100-biodegradable\/","og_site_name":"Urnencenter","article_modified_time":"2026-04-08T08:39:26+00:00","og_image":[{"width":715,"height":726,"url":"https:\/\/www.urnencenter.nl\/wp-content\/uploads\/2024\/09\/biologisch-afbreekbare-urn-copy-1.jpg","type":"image\/jpeg"}],"twitter_card":"summary_large_image","twitter_misc":{"Dur\u00e9e de lecture estim\u00e9e":"1 minute"},"schema":{"@context":"https:\/\/schema.org","@graph":[{"@type":"WebPage","@id":"https:\/\/www.urnencenter.nl\/product\/bio-urn-celest-100-biologisch-afbreekbaar\/","url":"https:\/\/www.urnencenter.nl\/product\/bio-urn-celest-100-biologisch-afbreekbaar\/","name":"Urne Bio Celest - 100% Biod\u00e9gradable - Urncenter","isPartOf":{"@id":"https:\/\/www.urnencenter.nl\/#website"},"primaryImageOfPage":{"@id":"https:\/\/www.urnencenter.nl\/product\/bio-urn-celest-100-biologisch-afbreekbaar\/#primaryimage"},"image":{"@id":"https:\/\/www.urnencenter.nl\/product\/bio-urn-celest-100-biologisch-afbreekbaar\/#primaryimage"},"thumbnailUrl":"https:\/\/www.urnencenter.nl\/wp-content\/uploads\/2024\/09\/biologisch-afbreekbare-urn-copy-1.jpg","datePublished":"2024-09-04T13:41:36+00:00","dateModified":"2026-04-08T08:39:26+00:00","description":"Bio Urn Celest - 100% Biodegradable at Urncenter - Free shipping - Sturdy &amp; Discreet shipping.","breadcrumb":{"@id":"https:\/\/www.urnencenter.nl\/product\/bio-urn-celest-100-biologisch-afbreekbaar\/#breadcrumb"},"inLanguage":"fr-FR","potentialAction":[{"@type":"ReadAction","target":["https:\/\/www.urnencenter.nl\/product\/bio-urn-celest-100-biologisch-afbreekbaar\/"]}]},{"@type":"ImageObject","inLanguage":"fr-FR","@id":"https:\/\/www.urnencenter.nl\/product\/bio-urn-celest-100-biologisch-afbreekbaar\/#primaryimage","url":"https:\/\/www.urnencenter.nl\/wp-content\/uploads\/2024\/09\/biologisch-afbreekbare-urn-copy-1.jpg","contentUrl":"https:\/\/www.urnencenter.nl\/wp-content\/uploads\/2024\/09\/biologisch-afbreekbare-urn-copy-1.jpg","width":715,"height":726},{"@type":"BreadcrumbList","@id":"https:\/\/www.urnencenter.nl\/product\/bio-urn-celest-100-biologisch-afbreekbaar\/#breadcrumb","itemListElement":[{"@type":"ListItem","position":1,"name":"Home","item":"https:\/\/www.urnencenter.nl\/"},{"@type":"ListItem","position":2,"name":"Producten","item":"https:\/\/www.urnencenter.nl\/shop\/"},{"@type":"ListItem","position":3,"name":"Bio Urn Celest &#8211; 100% Biologisch Afbreekbaar"}]},{"@type":"WebSite","@id":"https:\/\/www.urnencenter.nl\/#website","url":"https:\/\/www.urnencenter.nl\/","name":"Centre de l'urne","description":"","publisher":{"@id":"https:\/\/www.urnencenter.nl\/#organization"},"potentialAction":[{"@type":"SearchAction","target":{"@type":"EntryPoint","urlTemplate":"https:\/\/www.urnencenter.nl\/?s={search_term_string}"},"query-input":{"@type":"PropertyValueSpecification","valueRequired":true,"valueName":"search_term_string"}}],"inLanguage":"fr-FR"},{"@type":"Organization","@id":"https:\/\/www.urnencenter.nl\/#organization","name":"Centre de l'urne","url":"https:\/\/www.urnencenter.nl\/","logo":{"@type":"ImageObject","inLanguage":"fr-FR","@id":"https:\/\/www.urnencenter.nl\/#\/schema\/logo\/image\/","url":"https:\/\/www.urnencenter.nl\/wp-content\/uploads\/2021\/10\/cropped-Urnencenter-logo-small-2.jpg","contentUrl":"https:\/\/www.urnencenter.nl\/wp-content\/uploads\/2021\/10\/cropped-Urnencenter-logo-small-2.jpg","width":1784,"height":391,"caption":"Urnencenter"},"image":{"@id":"https:\/\/www.urnencenter.nl\/#\/schema\/logo\/image\/"}}]}},"jetpack_publicize_connections":[],"jetpack_sharing_enabled":true,"_links":{"self":[{"href":"https:\/\/www.urnencenter.nl\/fr\/wp-json\/wp\/v2\/product\/16603","targetHints":{"allow":["GET"]}}],"collection":[{"href":"https:\/\/www.urnencenter.nl\/fr\/wp-json\/wp\/v2\/product"}],"about":[{"href":"https:\/\/www.urnencenter.nl\/fr\/wp-json\/wp\/v2\/types\/product"}],"replies":[{"embeddable":true,"href":"https:\/\/www.urnencenter.nl\/fr\/wp-json\/wp\/v2\/comments?post=16603"}],"wp:featuredmedia":[{"embeddable":true,"href":"https:\/\/www.urnencenter.nl\/fr\/wp-json\/wp\/v2\/media\/16582"}],"wp:attachment":[{"href":"https:\/\/www.urnencenter.nl\/fr\/wp-json\/wp\/v2\/media?parent=16603"}],"wp:term":[{"taxonomy":"product_brand","embeddable":true,"href":"https:\/\/www.urnencenter.nl\/fr\/wp-json\/wp\/v2\/product_brand?post=16603"},{"taxonomy":"product_cat","embeddable":true,"href":"https:\/\/www.urnencenter.nl\/fr\/wp-json\/wp\/v2\/product_cat?post=16603"},{"taxonomy":"product_tag","embeddable":true,"href":"https:\/\/www.urnencenter.nl\/fr\/wp-json\/wp\/v2\/product_tag?post=16603"}],"curies":[{"name":"wp","href":"https:\/\/api.w.org\/{rel}","templated":true}]}}